{"id":3088,"date":"2020-11-23T23:32:12","date_gmt":"2020-11-23T23:32:12","guid":{"rendered":"http:\/\/52.202.232.97.xip.io\/?page_id=3088"},"modified":"2020-11-26T20:22:20","modified_gmt":"2020-11-26T20:22:20","slug":"home-2","status":"publish","type":"page","link":"https:\/\/galenosys.com.uy\/","title":{"rendered":"Home"},"content":{"rendered":"<p>[et_pb_section fb_built=&#8221;1&#8243; _builder_version=&#8221;4.7.3&#8243; _module_preset=&#8221;default&#8221; background_color=&#8221;rgba(0,0,0,0.85)&#8221; background_image=&#8221;http:\/\/52.202.232.97.xip.io\/wp-content\/uploads\/2020\/11\/splash-screen-bg-1.png&#8221; background_blend=&#8221;multiply&#8221; height=&#8221;100vh&#8221; height_last_edited=&#8221;off|phone&#8221;][et_pb_row make_equal=&#8221;on&#8221; custom_padding_last_edited=&#8221;on|phone&#8221; _builder_version=&#8221;4.7.3&#8243; _module_preset=&#8221;default&#8221; min_height=&#8221;90vh&#8221; min_height_tablet=&#8221;&#8221; min_height_phone=&#8221;&#8221; min_height_last_edited=&#8221;on|phone&#8221; height_tablet=&#8221;&#8221; height_phone=&#8221;&#8221; height_last_edited=&#8221;on|tablet&#8221; custom_padding=&#8221;||||false|false&#8221; custom_padding_tablet=&#8221;40%||||false|false&#8221; custom_padding_phone=&#8221;&#8221;][et_pb_column type=&#8221;4_4&#8243; _builder_version=&#8221;4.7.3&#8243; _module_preset=&#8221;default&#8221;][et_pb_image src=&#8221;http:\/\/52.202.232.97.xip.io\/wp-content\/uploads\/2020\/11\/main-logo-2.png&#8221; title_text=&#8221;main-logo&#8221; align=&#8221;center&#8221; _builder_version=&#8221;4.7.3&#8243; _module_preset=&#8221;default&#8221; max_width=&#8221;650px&#8221;][\/et_pb_image][et_pb_text _builder_version=&#8221;4.7.3&#8243; _module_preset=&#8221;default&#8221; text_font=&#8221;Rubik||||||||&#8221; max_width=&#8221;630px&#8221; module_alignment=&#8221;center&#8221;]<\/p>\n<h2 class=\"p1\"><span class=\"s1\">Es una herramienta de telemedicina para el monitoreo cardiol\u00f3gico remoto de pacientes en tratamiento o diagn\u00f3stico, basada en el concepto de <b><i>eHealth<\/i><\/b> y en la tecnolog\u00eda <b><i>Internet of Things<\/i><\/b>.<\/span><\/h2>\n<p>[\/et_pb_text][\/et_pb_column][\/et_pb_row][\/et_pb_section][et_pb_section fb_built=&#8221;1&#8243; _builder_version=&#8221;4.7.3&#8243; _module_preset=&#8221;default&#8221; use_background_color_gradient=&#8221;on&#8221; background_color_gradient_start=&#8221;#e5746f&#8221; background_color_gradient_end=&#8221;#afcfe9&#8243; height=&#8221;90vh&#8221; hover_enabled=&#8221;0&#8243; sticky_enabled=&#8221;0&#8243;][et_pb_row column_structure=&#8221;3_5,2_5&#8243; make_equal=&#8221;on&#8221; _builder_version=&#8221;4.7.3&#8243; _module_preset=&#8221;default&#8221; height=&#8221;80vh&#8221;][et_pb_column type=&#8221;3_5&#8243; _builder_version=&#8221;4.7.3&#8243; _module_preset=&#8221;default&#8221;][et_pb_text _builder_version=&#8221;4.7.3&#8243; _module_preset=&#8221;default&#8221;]<\/p>\n<h3 class=\"p1\"><span class=\"s1\">Este sistema permite el monitoreo cardiol\u00f3gico de pacientes que est\u00e9n hospitalizados, en internaci\u00f3n domiciliaria o realizando ejercicios de rehabilitaci\u00f3n, de forma inal\u00e1mbrica e independiente de su ubicaci\u00f3n geogr\u00e1fica, favoreciendo la accesibilidad, universalidad y calidad de un servicio centrado en el paciente.<\/span><\/h3>\n<p>[\/et_pb_text][\/et_pb_column][et_pb_column type=&#8221;2_5&#8243; _builder_version=&#8221;4.7.3&#8243; _module_preset=&#8221;default&#8221;][et_pb_image src=&#8221;http:\/\/52.202.232.97.xip.io\/wp-content\/uploads\/2020\/11\/dispositivo.png&#8221; title_text=&#8221;dispositivo&#8221; align=&#8221;center&#8221; _builder_version=&#8221;4.7.3&#8243; _module_preset=&#8221;default&#8221; width_tablet=&#8221;&#8221; width_phone=&#8221;50%&#8221; width_last_edited=&#8221;on|phone&#8221; module_alignment=&#8221;center&#8221; custom_padding_tablet=&#8221;&#8221; custom_padding_phone=&#8221;10%||||false|false&#8221; custom_padding_last_edited=&#8221;on|phone&#8221;][\/et_pb_image][\/et_pb_column][\/et_pb_row][\/et_pb_section][et_pb_section fb_built=&#8221;1&#8243; _builder_version=&#8221;4.7.3&#8243; _module_preset=&#8221;default&#8221; use_background_color_gradient=&#8221;on&#8221; background_color_gradient_start=&#8221;#e5746f&#8221; background_color_gradient_end=&#8221;#afcfe9&#8243; background_color_gradient_direction=&#8221;0deg&#8221; height=&#8221;90vh&#8221; height_tablet=&#8221;&#8221; height_phone=&#8221;&#8221; height_last_edited=&#8221;on|phone&#8221;][et_pb_row column_structure=&#8221;3_5,2_5&#8243; make_equal=&#8221;on&#8221; _builder_version=&#8221;4.7.3&#8243; _module_preset=&#8221;default&#8221; height=&#8221;80vh&#8221; height_tablet=&#8221;&#8221; height_phone=&#8221;&#8221; height_last_edited=&#8221;on|phone&#8221;][et_pb_column type=&#8221;3_5&#8243; _builder_version=&#8221;4.7.3&#8243; _module_preset=&#8221;default&#8221;][et_pb_text _builder_version=&#8221;4.7.3&#8243; _module_preset=&#8221;default&#8221;]<\/p>\n<h3 class=\"p1\"><span class=\"s1\">El sistema est\u00e1 compuesto por un <b>dispositivo<\/b>, un <b>servidor<\/b> y una <b>plataforma web<\/b>.<\/span><\/h3>\n<p class=\"p1\">Por medio de cuatro electrodos colocados en el t\u00f3rax del paciente, el dispositivo toma la informaci\u00f3n electrocardiogr\u00e1fica y la env\u00eda al servidor. Esta informaci\u00f3n es accesible para el personal de salud por medio de la plataforma web que permite la gesti\u00f3n y visualizaci\u00f3n remota de las gr\u00e1ficas de hasta seis derivaciones del ECG de forma hist\u00f3rica y en tiempo real.<\/p>\n<p>[\/et_pb_text][\/et_pb_column][et_pb_column type=&#8221;2_5&#8243; _builder_version=&#8221;4.7.3&#8243; _module_preset=&#8221;default&#8221;][et_pb_image src=&#8221;http:\/\/52.202.232.97.xip.io\/wp-content\/uploads\/2020\/11\/diagram.png&#8221; title_text=&#8221;diagram&#8221; align=&#8221;center&#8221; _builder_version=&#8221;4.7.3&#8243; _module_preset=&#8221;default&#8221; width_tablet=&#8221;&#8221; width_phone=&#8221;45%&#8221; width_last_edited=&#8221;on|phone&#8221; custom_padding_tablet=&#8221;&#8221; custom_padding_phone=&#8221;7%||||false|false&#8221; custom_padding_last_edited=&#8221;on|phone&#8221; hover_enabled=&#8221;0&#8243; sticky_enabled=&#8221;0&#8243;][\/et_pb_image][\/et_pb_column][\/et_pb_row][\/et_pb_section][et_pb_section fb_built=&#8221;1&#8243; fullwidth=&#8221;on&#8221; _builder_version=&#8221;4.7.3&#8243; _module_preset=&#8221;default&#8221;][et_pb_fullwidth_image src=&#8221;http:\/\/galenosys.com.uy\/wp-content\/uploads\/2020\/11\/Interfase-2.png&#8221; title_text=&#8221;Interfase&#8221; _builder_version=&#8221;4.7.3&#8243; _module_preset=&#8221;default&#8221; hover_enabled=&#8221;0&#8243; sticky_enabled=&#8221;0&#8243;][\/et_pb_fullwidth_image][\/et_pb_section][et_pb_section fb_built=&#8221;1&#8243; _builder_version=&#8221;4.7.3&#8243; _module_preset=&#8221;default&#8221; use_background_color_gradient=&#8221;on&#8221; background_color_gradient_start=&#8221;#e5746f&#8221; background_color_gradient_end=&#8221;#afcfe9&#8243; height=&#8221;90vh&#8221; height_tablet=&#8221;&#8221; height_phone=&#8221;&#8221; height_last_edited=&#8221;on|phone&#8221;][et_pb_row column_structure=&#8221;3_5,2_5&#8243; make_equal=&#8221;on&#8221; _builder_version=&#8221;4.7.3&#8243; _module_preset=&#8221;default&#8221; height=&#8221;80vh&#8221; height_tablet=&#8221;&#8221; height_phone=&#8221;&#8221; height_last_edited=&#8221;on|phone&#8221;][et_pb_column type=&#8221;3_5&#8243; _builder_version=&#8221;4.7.3&#8243; _module_preset=&#8221;default&#8221;][et_pb_text _builder_version=&#8221;4.7.3&#8243; _module_preset=&#8221;default&#8221;]<\/p>\n<h3 class=\"p1\"><span class=\"s1\">Empleando algoritmos matem\u00e1ticos, el sistema es capaz de <strong>filtrar<\/strong>, <strong>jerarquizar<\/strong> y <strong>alertar<\/strong> sobre eventos anormales.<\/span><\/h3>\n<p>Estos eventos podr\u00e1n ser visualizados y valorados por el personal de salud, permitiendo diagnosticar y actuar con rapidez. Las alertas sobre lecturas anormales en un paciente, son reportadas en tiempo real y en casos de urgencia el sistema podr\u00eda accionar autom\u00e1ticamente una solicitud de asistencia.<\/p>\n<p>[\/et_pb_text][\/et_pb_column][et_pb_column type=&#8221;2_5&#8243; _builder_version=&#8221;4.7.3&#8243; _module_preset=&#8221;default&#8221;][et_pb_image src=&#8221;http:\/\/52.202.232.97.xip.io\/wp-content\/uploads\/2020\/11\/Tipos-de-alerta.png&#8221; title_text=&#8221;Tipos de alerta&#8221; align=&#8221;center&#8221; _builder_version=&#8221;4.7.3&#8243; _module_preset=&#8221;default&#8221; width_tablet=&#8221;&#8221; width_phone=&#8221;50%&#8221; width_last_edited=&#8221;on|phone&#8221; max_height=&#8221;450px&#8221; custom_padding_tablet=&#8221;&#8221; custom_padding_phone=&#8221;10%||||false|false&#8221; custom_padding_last_edited=&#8221;on|phone&#8221; hover_enabled=&#8221;0&#8243; disabled_on=&#8221;on|on|off&#8221; sticky_enabled=&#8221;0&#8243;][\/et_pb_image][et_pb_image src=&#8221;http:\/\/galenosys.com.uy\/wp-content\/uploads\/2020\/11\/Alertas.png&#8221; title_text=&#8221;Alertas&#8221; align=&#8221;center&#8221; _builder_version=&#8221;4.7.3&#8243; _module_preset=&#8221;default&#8221; width_tablet=&#8221;&#8221; width_phone=&#8221;100%&#8221; width_last_edited=&#8221;on|phone&#8221; custom_padding_tablet=&#8221;||||false|false&#8221; custom_padding_phone=&#8221;20%||||false|false&#8221; custom_padding_last_edited=&#8221;on|phone&#8221; hover_enabled=&#8221;0&#8243; disabled_on=&#8221;off|off|on&#8221; sticky_enabled=&#8221;0&#8243; module_alignment=&#8221;center&#8221; custom_margin=&#8221;||||false|false&#8221; custom_margin_last_edited=&#8221;on|tablet&#8221;][\/et_pb_image][\/et_pb_column][\/et_pb_row][\/et_pb_section][et_pb_section fb_built=&#8221;1&#8243; _builder_version=&#8221;4.7.3&#8243; _module_preset=&#8221;default&#8221; use_background_color_gradient=&#8221;on&#8221; background_color_gradient_start=&#8221;#e5746f&#8221; background_color_gradient_end=&#8221;#afcfe9&#8243; background_color_gradient_direction=&#8221;0deg&#8221; height=&#8221;90vh&#8221; height_tablet=&#8221;&#8221; height_phone=&#8221;&#8221; height_last_edited=&#8221;on|phone&#8221;][et_pb_row _builder_version=&#8221;4.7.3&#8243; _module_preset=&#8221;default&#8221; custom_margin=&#8221;90px|auto||auto||&#8221; hover_enabled=&#8221;0&#8243; custom_margin_last_edited=&#8221;on|phone&#8221; custom_margin_phone=&#8221;0px||||false|false&#8221; sticky_enabled=&#8221;0&#8243; custom_padding=&#8221;0px||0px||false|false&#8221;][et_pb_column type=&#8221;4_4&#8243; _builder_version=&#8221;4.7.3&#8243; _module_preset=&#8221;default&#8221;][et_pb_text _builder_version=&#8221;4.7.3&#8243; _module_preset=&#8221;default&#8221;]<\/p>\n<h3 class=\"p1\"><span class=\"s1\">Principales aplicaciones de GalenoSys<\/span><\/h3>\n<p>[\/et_pb_text][\/et_pb_column][\/et_pb_row][et_pb_row column_structure=&#8221;1_4,1_4,1_4,1_4&#8243; use_custom_gutter=&#8221;on&#8221; gutter_width=&#8221;2&#8243; make_equal=&#8221;on&#8221; _builder_version=&#8221;4.7.3&#8243; _module_preset=&#8221;default&#8221; height_tablet=&#8221;&#8221; height_phone=&#8221;&#8221; height_last_edited=&#8221;on|phone&#8221; hover_enabled=&#8221;0&#8243; module_alignment=&#8221;center&#8221; sticky_enabled=&#8221;0&#8243;][et_pb_column type=&#8221;1_4&#8243; _builder_version=&#8221;4.7.3&#8243; _module_preset=&#8221;default&#8221;][et_pb_image src=&#8221;http:\/\/52.202.232.97.xip.io\/wp-content\/uploads\/2020\/11\/Monitoreo-hospitalario.png&#8221; title_text=&#8221;Monitoreo hospitalario&#8221; _builder_version=&#8221;4.7.3&#8243; _module_preset=&#8221;default&#8221; max_width=&#8221;215px&#8221; module_alignment=&#8221;center&#8221;][\/et_pb_image][et_pb_text _builder_version=&#8221;4.7.3&#8243; _module_preset=&#8221;default&#8221;]<\/p>\n<p class=\"p1\" style=\"text-align: center;\">Monitoreo cardiol\u00f3gico intra hospitalario.<\/p>\n<p class=\"p1\" style=\"text-align: center;\">\n<p class=\"p1\" style=\"text-align: center;\">\n<p>[\/et_pb_text][\/et_pb_column][et_pb_column type=&#8221;1_4&#8243; _builder_version=&#8221;4.7.3&#8243; _module_preset=&#8221;default&#8221;][et_pb_image src=&#8221;http:\/\/52.202.232.97.xip.io\/wp-content\/uploads\/2020\/11\/Monitoreo-domiciliario.png&#8221; title_text=&#8221;Monitoreo domiciliario&#8221; _builder_version=&#8221;4.7.3&#8243; _module_preset=&#8221;default&#8221; max_width=&#8221;215px&#8221; module_alignment=&#8221;center&#8221;][\/et_pb_image][et_pb_text _builder_version=&#8221;4.7.3&#8243; _module_preset=&#8221;default&#8221;]<\/p>\n<p class=\"p1\" style=\"text-align: center;\">Monitoreo cardiol\u00f3gico en internaci\u00f3n domiciliaria.<\/p>\n<p class=\"p1\" style=\"text-align: center;\">\n<p class=\"p1\" style=\"text-align: center;\">[\/et_pb_text][\/et_pb_column][et_pb_column type=&#8221;1_4&#8243; _builder_version=&#8221;4.7.3&#8243; _module_preset=&#8221;default&#8221;][et_pb_image src=&#8221;http:\/\/52.202.232.97.xip.io\/wp-content\/uploads\/2020\/11\/Wifi-Holter.png&#8221; title_text=&#8221;Wifi-Holter&#8221; _builder_version=&#8221;4.7.3&#8243; _module_preset=&#8221;default&#8221; max_width=&#8221;215px&#8221; module_alignment=&#8221;center&#8221;][\/et_pb_image][et_pb_text _builder_version=&#8221;4.7.3&#8243; _module_preset=&#8221;default&#8221;]<\/p>\n<p class=\"p1\" style=\"text-align: center;\">Wifi-Holter para registros prolongados en el tiempo.<\/p>\n<p class=\"p1\" style=\"text-align: center;\">\n<p class=\"p1\" style=\"text-align: center;\">[\/et_pb_text][\/et_pb_column][et_pb_column type=&#8221;1_4&#8243; _builder_version=&#8221;4.7.3&#8243; _module_preset=&#8221;default&#8221;][et_pb_image src=&#8221;http:\/\/52.202.232.97.xip.io\/wp-content\/uploads\/2020\/11\/Universalizacio\u0301n.png&#8221; title_text=&#8221;Universalizacio\u0301n&#8221; _builder_version=&#8221;4.7.3&#8243; _module_preset=&#8221;default&#8221; max_width=&#8221;215px&#8221; module_alignment=&#8221;center&#8221;][\/et_pb_image][et_pb_text _builder_version=&#8221;4.7.3&#8243; _module_preset=&#8221;default&#8221;]<\/p>\n<p class=\"p1\" style=\"text-align: center;\">Llevar atenci\u00f3n de calidad a centros poco poblados sin especialistas radicados.<\/p>\n<p>[\/et_pb_text][\/et_pb_column][\/et_pb_row][\/et_pb_section][et_pb_section fb_built=&#8221;1&#8243; _builder_version=&#8221;4.7.3&#8243; _module_preset=&#8221;default&#8221; background_color=&#8221;rgba(0,0,0,0.85)&#8221; background_image=&#8221;http:\/\/52.202.232.97.xip.io\/wp-content\/uploads\/2020\/11\/splash-screen-bg-1.png&#8221; background_blend=&#8221;multiply&#8221; height=&#8221;100vh&#8221; height_tablet=&#8221;&#8221; height_phone=&#8221;&#8221; height_last_edited=&#8221;on|phone&#8221;][et_pb_row make_equal=&#8221;on&#8221; custom_padding_last_edited=&#8221;on|phone&#8221; module_id=&#8221;contacto&#8221; _builder_version=&#8221;4.7.3&#8243; _module_preset=&#8221;default&#8221; min_height_tablet=&#8221;&#8221; min_height_phone=&#8221;&#8221; min_height_last_edited=&#8221;on|phone&#8221; height_tablet=&#8221;&#8221; height_phone=&#8221;&#8221; height_last_edited=&#8221;on|tablet&#8221; custom_margin=&#8221;210px|auto||auto||&#8221; custom_padding=&#8221;||||false|false&#8221; custom_padding_tablet=&#8221;40%||||false|false&#8221; custom_padding_phone=&#8221;&#8221;][et_pb_column type=&#8221;4_4&#8243; _builder_version=&#8221;4.7.3&#8243; _module_preset=&#8221;default&#8221;][et_pb_text _builder_version=&#8221;4.7.3&#8243; _module_preset=&#8221;default&#8221;]<\/p>\n<h2 class=\"p1\"><span class=\"s1\">\u00bfLe interesa saber m\u00e1s?<\/span><\/h2>\n<p>[\/et_pb_text][\/et_pb_column][\/et_pb_row][et_pb_row column_structure=&#8221;2_5,3_5&#8243; _builder_version=&#8221;4.7.3&#8243; _module_preset=&#8221;default&#8221;][et_pb_column type=&#8221;2_5&#8243; _builder_version=&#8221;4.7.3&#8243; _module_preset=&#8221;default&#8221;][et_pb_text _builder_version=&#8221;4.7.3&#8243; _module_preset=&#8221;default&#8221;]<\/p>\n<h2 class=\"p1\"><span class=\"s1\">Cont\u00e1ctenos:<\/span><\/h2>\n<p>[\/et_pb_text][et_pb_text _builder_version=&#8221;4.7.3&#8243; _module_preset=&#8221;default&#8221;]<\/p>\n<h4 class=\"p1\" style=\"text-align: center;\">harticardi@galenosys.com.uy<\/h4>\n<h4 class=\"p1\" style=\"text-align: center;\">[+598] 2709 2062<br \/> [+598] 099 626 940<\/h4>\n<h4 class=\"p1\" style=\"text-align: center;\">Ing. Hugo Articardi<br \/> Montevideo Uruguay.<\/h4>\n<p>[\/et_pb_text][\/et_pb_column][et_pb_column type=&#8221;3_5&#8243; _builder_version=&#8221;4.7.3&#8243; _module_preset=&#8221;default&#8221;][et_pb_contact_form submit_button_text=&#8221;Enviar&#8221; _builder_version=&#8221;4.7.3&#8243; _module_preset=&#8221;default&#8221; form_field_background_color=&#8221;#e2e2e2&#8243; captcha_font=&#8221;Rubik||||||||&#8221; captcha_text_color=&#8221;#ffffff&#8221; captcha_font_size=&#8221;14px&#8221; form_field_font=&#8221;Rubik||||||||&#8221; custom_button=&#8221;on&#8221; button_text_size=&#8221;16px&#8221; button_text_color=&#8221;#ffffff&#8221; button_bg_color=&#8221;#08387f&#8221; button_border_width=&#8221;0px&#8221; button_border_color=&#8221;rgba(0,0,0,0)&#8221; button_border_radius=&#8221;6px&#8221; button_font=&#8221;Rubik||||||||&#8221; button_icon=&#8221;%%36%%&#8221; border_radii=&#8221;on|5px|5px|5px|5px&#8221;][et_pb_contact_field field_id=&#8221;Nombre&#8221; field_title=&#8221;Nombre&#8221; _builder_version=&#8221;4.7.3&#8243; button_text_size__hover_enabled=&#8221;off&#8221; button_one_text_size__hover_enabled=&#8221;off&#8221; button_two_text_size__hover_enabled=&#8221;off&#8221; button_text_color__hover_enabled=&#8221;off&#8221; button_one_text_color__hover_enabled=&#8221;off&#8221; button_two_text_color__hover_enabled=&#8221;off&#8221; button_border_width__hover_enabled=&#8221;off&#8221; button_one_border_width__hover_enabled=&#8221;off&#8221; button_two_border_width__hover_enabled=&#8221;off&#8221; button_border_color__hover_enabled=&#8221;off&#8221; button_one_border_color__hover_enabled=&#8221;off&#8221; button_two_border_color__hover_enabled=&#8221;off&#8221; button_border_radius__hover_enabled=&#8221;off&#8221; button_one_border_radius__hover_enabled=&#8221;off&#8221; button_two_border_radius__hover_enabled=&#8221;off&#8221; button_letter_spacing__hover_enabled=&#8221;off&#8221; button_one_letter_spacing__hover_enabled=&#8221;off&#8221; button_two_letter_spacing__hover_enabled=&#8221;off&#8221; button_bg_color__hover_enabled=&#8221;off&#8221; button_one_bg_color__hover_enabled=&#8221;off&#8221; button_two_bg_color__hover_enabled=&#8221;off&#8221;][\/et_pb_contact_field][et_pb_contact_field field_id=&#8221;Email&#8221; field_title=&#8221;Email&#8221; field_type=&#8221;email&#8221; _builder_version=&#8221;4.7.3&#8243; button_text_size__hover_enabled=&#8221;off&#8221; button_one_text_size__hover_enabled=&#8221;off&#8221; button_two_text_size__hover_enabled=&#8221;off&#8221; button_text_color__hover_enabled=&#8221;off&#8221; button_one_text_color__hover_enabled=&#8221;off&#8221; button_two_text_color__hover_enabled=&#8221;off&#8221; button_border_width__hover_enabled=&#8221;off&#8221; button_one_border_width__hover_enabled=&#8221;off&#8221; button_two_border_width__hover_enabled=&#8221;off&#8221; button_border_color__hover_enabled=&#8221;off&#8221; button_one_border_color__hover_enabled=&#8221;off&#8221; button_two_border_color__hover_enabled=&#8221;off&#8221; button_border_radius__hover_enabled=&#8221;off&#8221; button_one_border_radius__hover_enabled=&#8221;off&#8221; button_two_border_radius__hover_enabled=&#8221;off&#8221; button_letter_spacing__hover_enabled=&#8221;off&#8221; button_one_letter_spacing__hover_enabled=&#8221;off&#8221; button_two_letter_spacing__hover_enabled=&#8221;off&#8221; button_bg_color__hover_enabled=&#8221;off&#8221; button_one_bg_color__hover_enabled=&#8221;off&#8221; button_two_bg_color__hover_enabled=&#8221;off&#8221;][\/et_pb_contact_field][et_pb_contact_field field_id=&#8221;Mensaje&#8221; field_title=&#8221;Mensaje&#8221; field_type=&#8221;text&#8221; fullwidth_field=&#8221;on&#8221; _builder_version=&#8221;4.7.3&#8243; button_text_size__hover_enabled=&#8221;off&#8221; button_one_text_size__hover_enabled=&#8221;off&#8221; button_two_text_size__hover_enabled=&#8221;off&#8221; button_text_color__hover_enabled=&#8221;off&#8221; button_one_text_color__hover_enabled=&#8221;off&#8221; button_two_text_color__hover_enabled=&#8221;off&#8221; button_border_width__hover_enabled=&#8221;off&#8221; button_one_border_width__hover_enabled=&#8221;off&#8221; button_two_border_width__hover_enabled=&#8221;off&#8221; button_border_color__hover_enabled=&#8221;off&#8221; button_one_border_color__hover_enabled=&#8221;off&#8221; button_two_border_color__hover_enabled=&#8221;off&#8221; button_border_radius__hover_enabled=&#8221;off&#8221; button_one_border_radius__hover_enabled=&#8221;off&#8221; button_two_border_radius__hover_enabled=&#8221;off&#8221; button_letter_spacing__hover_enabled=&#8221;off&#8221; button_one_letter_spacing__hover_enabled=&#8221;off&#8221; button_two_letter_spacing__hover_enabled=&#8221;off&#8221; button_bg_color__hover_enabled=&#8221;off&#8221; button_one_bg_color__hover_enabled=&#8221;off&#8221; button_two_bg_color__hover_enabled=&#8221;off&#8221;][\/et_pb_contact_field][\/et_pb_contact_form][\/et_pb_column][\/et_pb_row][\/et_pb_section]<\/p>\n","protected":false},"excerpt":{"rendered":"<p>[et_pb_section fb_built=&#8221;1&#8243; _builder_version=&#8221;4.7.3&#8243; _module_preset=&#8221;default&#8221; background_color=&#8221;rgba(0,0,0,0.85)&#8221; background_image=&#8221;http:\/\/52.202.232.97.xip.io\/wp-content\/uploads\/2020\/11\/splash-screen-bg-1.png&#8221; background_blend=&#8221;multiply&#8221; height=&#8221;100vh&#8221; height_last_edited=&#8221;off|phone&#8221;][et_pb_row make_equal=&#8221;on&#8221; custom_padding_last_edited=&#8221;on|phone&#8221; _builder_version=&#8221;4.7.3&#8243; _module_preset=&#8221;default&#8221; min_height=&#8221;90vh&#8221; min_height_tablet=&#8221;&#8221; min_height_phone=&#8221;&#8221; min_height_last_edited=&#8221;on|phone&#8221; height_tablet=&#8221;&#8221; height_phone=&#8221;&#8221; height_last_edited=&#8221;on|tablet&#8221; custom_padding=&#8221;||||false|false&#8221; custom_padding_tablet=&#8221;40%||||false|false&#8221; custom_padding_phone=&#8221;&#8221;][et_pb_column type=&#8221;4_4&#8243; _builder_version=&#8221;4.7.3&#8243; _module_preset=&#8221;default&#8221;][et_pb_image src=&#8221;http:\/\/52.202.232.97.xip.io\/wp-content\/uploads\/2020\/11\/main-logo-2.png&#8221; title_text=&#8221;main-logo&#8221; align=&#8221;center&#8221; _builder_version=&#8221;4.7.3&#8243; _module_preset=&#8221;default&#8221; max_width=&#8221;650px&#8221;][\/et_pb_image][et_pb_text _builder_version=&#8221;4.7.3&#8243; _module_preset=&#8221;default&#8221; text_font=&#8221;Rubik||||||||&#8221; max_width=&#8221;630px&#8221; module_alignment=&#8221;center&#8221;] Es una herramienta de telemedicina para el monitoreo cardiol\u00f3gico remoto de pacientes en tratamiento o diagn\u00f3stico, basada en [&hellip;]<\/p>\n","protected":false},"author":1,"featured_media":0,"parent":0,"menu_order":0,"comment_status":"closed","ping_status":"closed","template":"","meta":{"_et_pb_use_builder":"on","_et_pb_old_content":"","_et_gb_content_width":""},"_links":{"self":[{"href":"https:\/\/galenosys.com.uy\/index.php?rest_route=\/wp\/v2\/pages\/3088"}],"collection":[{"href":"https:\/\/galenosys.com.uy\/index.php?rest_route=\/wp\/v2\/pages"}],"about":[{"href":"https:\/\/galenosys.com.uy\/index.php?rest_route=\/wp\/v2\/types\/page"}],"author":[{"embeddable":true,"href":"https:\/\/galenosys.com.uy\/index.php?rest_route=\/wp\/v2\/users\/1"}],"replies":[{"embeddable":true,"href":"https:\/\/galenosys.com.uy\/index.php?rest_route=%2Fwp%2Fv2%2Fcomments&post=3088"}],"version-history":[{"count":81,"href":"https:\/\/galenosys.com.uy\/index.php?rest_route=\/wp\/v2\/pages\/3088\/revisions"}],"predecessor-version":[{"id":3465,"href":"https:\/\/galenosys.com.uy\/index.php?rest_route=\/wp\/v2\/pages\/3088\/revisions\/3465"}],"wp:attachment":[{"href":"https:\/\/galenosys.com.uy\/index.php?rest_route=%2Fwp%2Fv2%2Fmedia&parent=3088"}],"curies":[{"name":"wp","href":"https:\/\/api.w.org\/{rel}","templated":true}]}}